{"id":2655,"date":"2024-08-12T13:06:47","date_gmt":"2024-08-12T17:06:47","guid":{"rendered":"https:\/\/www.setym.com\/accompagnement-personnalise\/"},"modified":"2026-03-02T15:48:30","modified_gmt":"2026-03-02T20:48:30","slug":"personalised-support","status":"publish","type":"page","link":"https:\/\/www.setym.com\/en\/personalised-support\/","title":{"rendered":"Personalised Support"},"content":{"rendered":"\r\n<section class=\"bloc bloc-hero page\">\n\n    <figure class=\"true-background\">\n\n                    <img decoding=\"async\" width=\"2560\" height=\"1044\" src=\"https:\/\/www.setym.com\/wp-content\/uploads\/2024\/09\/header_seminaire_individuel_gestion_de_projets-scaled.webp\" class=\"attachment-full size-full\" alt=\"\" fetchpriority=\"high\" srcset=\"https:\/\/www.setym.com\/wp-content\/uploads\/2024\/09\/header_seminaire_individuel_gestion_de_projets-scaled.webp 2560w, https:\/\/www.setym.com\/wp-content\/uploads\/2024\/09\/header_seminaire_individuel_gestion_de_projets-300x122.webp 300w, https:\/\/www.setym.com\/wp-content\/uploads\/2024\/09\/header_seminaire_individuel_gestion_de_projets-1024x417.webp 1024w, https:\/\/www.setym.com\/wp-content\/uploads\/2024\/09\/header_seminaire_individuel_gestion_de_projets-768x313.webp 768w, https:\/\/www.setym.com\/wp-content\/uploads\/2024\/09\/header_seminaire_individuel_gestion_de_projets-1536x626.webp 1536w, https:\/\/www.setym.com\/wp-content\/uploads\/2024\/09\/header_seminaire_individuel_gestion_de_projets-2048x835.webp 2048w\" sizes=\"(max-width: 2560px) 100vw, 2560px\" \/>        \n    <\/figure>\n\n    <div class=\"container\">\n        <div class=\"row\">\n            <div class=\"content wow fadeInRight\">\n                                <h1 class=\"t-h1\">Personalised Support<\/h1>\n                                                                            <\/div>\n        <\/div>\n    <\/div>\n<\/section>\n\n<section class=\"bloc bloc-spacer h-60\"><\/section>\n    <section class=\"bloc bloc-values\">\n        <div class=\"container\">\n            <div class=\"row wow fadeIn full-width\">\n                                                                                    <a href=\"https:\/\/www.setym.com\/en\/personalised-support\/technical-support\/\" class=\"item\">\n                                                <div class=\"value\">\n                            <div class=\"icon\">\n                                <img decoding=\"async\" src=\"https:\/\/www.setym.com\/wp-content\/uploads\/2024\/10\/appui.svg\" >\n                            <\/div>\n                                                            <h2 class=\"title t-h3\">Technical support<\/h2>\n                                                                                        <div class=\"text\"><p>Thanks to our experience in the field and our in-depth knowledge of local realities, every year we carry out technical support missions by invitation or tender. Our interventions, always results-oriented, enable our customers &#8211; public institutions, governments and donors &#8211; to benefit from tailor-made support, with concrete results and a high level of satisfaction. When the button is pressed, the text that should appear is this: Drawing on our experience in the field, our in-depth knowledge of local realities and our expertise in project management, public procurement, management and human resources, governance and sustainable development, we carry out several technical support missions every year.<\/p>\n<\/div>\n                                                                                    <span class=\"learn-more\">\n                                <span>Learn More<\/span>\n                                <svg xmlns=\"http:\/\/www.w3.org\/2000\/svg\" width=\"16\" height=\"13\" viewBox=\"0 0 16 13\" fill=\"none\">\n    <path d=\"M1 5.75C0.585786 5.75 0.25 6.08579 0.25 6.5C0.25 6.91421 0.585786 7.25 1 7.25L1 5.75ZM15.5303 7.03033C15.8232 6.73744 15.8232 6.26256 15.5303 5.96967L10.7574 1.1967C10.4645 0.903805 9.98959 0.903805 9.6967 1.1967C9.40381 1.48959 9.40381 1.96447 9.6967 2.25736L13.9393 6.5L9.6967 10.7426C9.40381 11.0355 9.40381 11.5104 9.6967 11.8033C9.98959 12.0962 10.4645 12.0962 10.7574 11.8033L15.5303 7.03033ZM1 7.25L15 7.25L15 5.75L1 5.75L1 7.25Z\" fill=\"#9A9B9C\"\/>\n<\/svg>                            <\/span>\n                                                    <\/div>\n                                                <\/a>\n                                                                                            <a href=\"https:\/\/www.setym.com\/en\/wp-content\/uploads\/2026\/02\/Assistance_with_strategic_Planning_and_Execution.webp\" class=\"item\">\n                                                <div class=\"value\">\n                            <div class=\"icon\">\n                                <img decoding=\"async\" src=\"https:\/\/www.setym.com\/wp-content\/uploads\/2026\/02\/Planification-strategique_100px.webp\"  alt=\"Planification strat\u00e9gique (100px)\" >\n                            <\/div>\n                                                            <h2 class=\"title t-h3\">Assistance with Strategic Planning and Execution<\/h2>\n                                                                                        <div class=\"text\"><p>Strengthen your organisation\u2019s capacity to turn its vision into tangible results through structured support in strategic planning and execution. SETYM International assists you in the design, deployment and institutionalisation of high-performance management systems based on the Balanced Scorecard (BSC) and the Strategy Execution Premium Process (XPP), ensuring coherence, alignment, execution discipline and the sustainability of reforms.<\/p>\n<\/div>\n                                                                                    <span class=\"learn-more\">\n                                <span>Learn More<\/span>\n                                <svg xmlns=\"http:\/\/www.w3.org\/2000\/svg\" width=\"16\" height=\"13\" viewBox=\"0 0 16 13\" fill=\"none\">\n    <path d=\"M1 5.75C0.585786 5.75 0.25 6.08579 0.25 6.5C0.25 6.91421 0.585786 7.25 1 7.25L1 5.75ZM15.5303 7.03033C15.8232 6.73744 15.8232 6.26256 15.5303 5.96967L10.7574 1.1967C10.4645 0.903805 9.98959 0.903805 9.6967 1.1967C9.40381 1.48959 9.40381 1.96447 9.6967 2.25736L13.9393 6.5L9.6967 10.7426C9.40381 11.0355 9.40381 11.5104 9.6967 11.8033C9.98959 12.0962 10.4645 12.0962 10.7574 11.8033L15.5303 7.03033ZM1 7.25L15 7.25L15 5.75L1 5.75L1 7.25Z\" fill=\"#9A9B9C\"\/>\n<\/svg>                            <\/span>\n                                                    <\/div>\n                                                <\/a>\n                                                                                            <a href=\"https:\/\/www.setym.com\/en\/personalised-support\/train-your-leaders-programme\/\" class=\"item\">\n                                                <div class=\"value\">\n                            <div class=\"icon\">\n                                <img decoding=\"async\" src=\"https:\/\/www.setym.com\/wp-content\/uploads\/2024\/09\/svg.svg\" >\n                            <\/div>\n                                                            <h2 class=\"title t-h3\">&#8220;Leadership Development&#8221; Training Programme<\/h2>\n                                                                                        <div class=\"text\"><p>Develop the skills of your organisation&#8217;s leaders with our bespoke programme, which includes training seminars, a professional leadership accreditation exam issued jointly with the \u00c9cole des sciences de la gestion de l&#8217;Universit\u00e9 du Qu\u00e9bec \u00e0 Montr\u00e9al (ESG UQAM), and personalised expert coaching while you implement an integration project within your organisation.<\/p>\n<\/div>\n                                                                                    <span class=\"learn-more\">\n                                <span>Learn More<\/span>\n                                <svg xmlns=\"http:\/\/www.w3.org\/2000\/svg\" width=\"16\" height=\"13\" viewBox=\"0 0 16 13\" fill=\"none\">\n    <path d=\"M1 5.75C0.585786 5.75 0.25 6.08579 0.25 6.5C0.25 6.91421 0.585786 7.25 1 7.25L1 5.75ZM15.5303 7.03033C15.8232 6.73744 15.8232 6.26256 15.5303 5.96967L10.7574 1.1967C10.4645 0.903805 9.98959 0.903805 9.6967 1.1967C9.40381 1.48959 9.40381 1.96447 9.6967 2.25736L13.9393 6.5L9.6967 10.7426C9.40381 11.0355 9.40381 11.5104 9.6967 11.8033C9.98959 12.0962 10.4645 12.0962 10.7574 11.8033L15.5303 7.03033ZM1 7.25L15 7.25L15 5.75L1 5.75L1 7.25Z\" fill=\"#9A9B9C\"\/>\n<\/svg>                            <\/span>\n                                                    <\/div>\n                                                <\/a>\n                                                                                            <a href=\"https:\/\/www.setym.com\/en\/personalised-support\/professionalisation-of-public-procurement-personnel\/\" class=\"item\">\n                                                <div class=\"value\">\n                            <div class=\"icon\">\n                                <img decoding=\"async\" src=\"https:\/\/www.setym.com\/wp-content\/uploads\/2024\/09\/svg-2.svg\" >\n                            <\/div>\n                                                            <h2 class=\"title t-h3\">Professionalisation of Public Procurement Personnel<\/h2>\n                                                                                        <div class=\"text\"><p>Leveraging our expertise, the SETYM International team can assist your institutions in developing national strategies for strengthening procurement capabilities. We will help you set up and maintain national training programmes for graduates in Public Procurement Management, educate trainers and administrative teams, and establish a professional association.<\/p>\n<\/div>\n                                                                                    <span class=\"learn-more\">\n                                <span>Learn More<\/span>\n                                <svg xmlns=\"http:\/\/www.w3.org\/2000\/svg\" width=\"16\" height=\"13\" viewBox=\"0 0 16 13\" fill=\"none\">\n    <path d=\"M1 5.75C0.585786 5.75 0.25 6.08579 0.25 6.5C0.25 6.91421 0.585786 7.25 1 7.25L1 5.75ZM15.5303 7.03033C15.8232 6.73744 15.8232 6.26256 15.5303 5.96967L10.7574 1.1967C10.4645 0.903805 9.98959 0.903805 9.6967 1.1967C9.40381 1.48959 9.40381 1.96447 9.6967 2.25736L13.9393 6.5L9.6967 10.7426C9.40381 11.0355 9.40381 11.5104 9.6967 11.8033C9.98959 12.0962 10.4645 12.0962 10.7574 11.8033L15.5303 7.03033ZM1 7.25L15 7.25L15 5.75L1 5.75L1 7.25Z\" fill=\"#9A9B9C\"\/>\n<\/svg>                            <\/span>\n                                                    <\/div>\n                                                <\/a>\n                                                                                            <a href=\"https:\/\/www.setym.com\/en\/personalised-support\/gestion-devenements-virtuels\/\" class=\"item\">\n                                                <div class=\"value\">\n                            <div class=\"icon\">\n                                <img decoding=\"async\" src=\"https:\/\/www.setym.com\/wp-content\/uploads\/2024\/09\/svg-4.svg\" >\n                            <\/div>\n                                                            <h2 class=\"title t-h3\">Virtual Events Management<\/h2>\n                                                                                        <div class=\"text\"><p>Simplify the organisation of your online events with our specialised team. We handle everything, from providing technical support to implementing turnkey solutions.<\/p>\n<\/div>\n                                                                                    <span class=\"learn-more\">\n                                <span>Learn More<\/span>\n                                <svg xmlns=\"http:\/\/www.w3.org\/2000\/svg\" width=\"16\" height=\"13\" viewBox=\"0 0 16 13\" fill=\"none\">\n    <path d=\"M1 5.75C0.585786 5.75 0.25 6.08579 0.25 6.5C0.25 6.91421 0.585786 7.25 1 7.25L1 5.75ZM15.5303 7.03033C15.8232 6.73744 15.8232 6.26256 15.5303 5.96967L10.7574 1.1967C10.4645 0.903805 9.98959 0.903805 9.6967 1.1967C9.40381 1.48959 9.40381 1.96447 9.6967 2.25736L13.9393 6.5L9.6967 10.7426C9.40381 11.0355 9.40381 11.5104 9.6967 11.8033C9.98959 12.0962 10.4645 12.0962 10.7574 11.8033L15.5303 7.03033ZM1 7.25L15 7.25L15 5.75L1 5.75L1 7.25Z\" fill=\"#9A9B9C\"\/>\n<\/svg>                            <\/span>\n                                                    <\/div>\n                                                <\/a>\n                                                                        <\/div>\n        <\/div>\n    <\/section>\n \n<section class=\"bloc bloc-spacer h-60\"><\/section>\n","protected":false},"excerpt":{"rendered":"","protected":false},"author":4,"featured_media":0,"parent":0,"menu_order":0,"comment_status":"closed","ping_status":"closed","template":"page.php","meta":{"_acf_changed":false,"_relevanssi_hide_post":"","_relevanssi_hide_content":"","_relevanssi_pin_for_all":"","_relevanssi_pin_keywords":"","_relevanssi_unpin_keywords":"","_relevanssi_related_keywords":"","_relevanssi_related_include_ids":"","_relevanssi_related_exclude_ids":"","_relevanssi_related_no_append":"","_relevanssi_related_not_related":"","_relevanssi_related_posts":"13445,9202,4977,2967,2970,13153","_relevanssi_noindex_reason":"","footnotes":""},"cat-seminars":[],"class_list":["post-2655","page","type-page","status-publish","hentry"],"acf":[],"_links":{"self":[{"href":"https:\/\/www.setym.com\/en\/wp-json\/wp\/v2\/pages\/2655","targetHints":{"allow":["GET"]}}],"collection":[{"href":"https:\/\/www.setym.com\/en\/wp-json\/wp\/v2\/pages"}],"about":[{"href":"https:\/\/www.setym.com\/en\/wp-json\/wp\/v2\/types\/page"}],"author":[{"embeddable":true,"href":"https:\/\/www.setym.com\/en\/wp-json\/wp\/v2\/users\/4"}],"replies":[{"embeddable":true,"href":"https:\/\/www.setym.com\/en\/wp-json\/wp\/v2\/comments?post=2655"}],"version-history":[{"count":0,"href":"https:\/\/www.setym.com\/en\/wp-json\/wp\/v2\/pages\/2655\/revisions"}],"wp:attachment":[{"href":"https:\/\/www.setym.com\/en\/wp-json\/wp\/v2\/media?parent=2655"}],"wp:term":[{"taxonomy":"cat-seminars","embeddable":true,"href":"https:\/\/www.setym.com\/en\/wp-json\/wp\/v2\/cat-seminars?post=2655"}],"curies":[{"name":"wp","href":"https:\/\/api.w.org\/{rel}","templated":true}]}}